{"id":3296,"date":"2024-05-22T18:50:28","date_gmt":"2024-05-22T16:50:28","guid":{"rendered":"http:\/\/localhost\/wordpress1\/?page_id=3296"},"modified":"2024-07-03T23:28:56","modified_gmt":"2024-07-03T21:28:56","slug":"clases-ritmusunterricht","status":"publish","type":"page","link":"https:\/\/centroflamenco.de\/es\/clases-ritmusunterricht\/","title":{"rendered":"clases ritmusunterricht"},"content":{"rendered":"<div data-elementor-type=\"wp-page\" data-elementor-id=\"3296\" class=\"elementor elementor-3296\" data-elementor-post-type=\"page\">\n\t\t\t\t<div class=\"elementor-element elementor-element-68be47f2 e-con-full e-flex e-con e-parent\" data-id=\"68be47f2\" data-element_type=\"container\" data-e-type=\"container\" data-settings=\"{&quot;background_background&quot;:&quot;classic&quot;}\">\n\t\t<div class=\"elementor-element elementor-element-29145450 e-con-full e-flex e-con e-child\" data-id=\"29145450\" data-element_type=\"container\" data-e-type=\"container\">\n\t\t<div class=\"elementor-element elementor-element-67df9cbe e-con-full e-flex e-con e-child\" data-id=\"67df9cbe\" data-element_type=\"container\" data-e-type=\"container\">\n\t\t\t\t<div class=\"elementor-element elementor-element-144f5a4 elementor-widget-mobile__width-initial elementor-widget elementor-widget-heading\" data-id=\"144f5a4\" data-element_type=\"widget\" data-e-type=\"widget\" data-widget_type=\"heading.default\">\n\t\t\t\t<div class=\"elementor-widget-container\">\n\t\t\t\t\t<h2 class=\"elementor-heading-title elementor-size-default\">Clases de ritmo: Comp\u00e1s\/Palmas y Caj\u00f3n<\/h2>\t\t\t\t<\/div>\n\t\t\t\t<\/div>\n\t\t\t\t<div class=\"elementor-element elementor-element-3f385591 elementor-widget elementor-widget-text-editor\" data-id=\"3f385591\" data-element_type=\"widget\" data-e-type=\"widget\" data-widget_type=\"text-editor.default\">\n\t\t\t\t<div class=\"elementor-widget-container\">\n\t\t\t\t\t\t\t\t\t<p>El ritmo es la base y la esencia del flamenco. El flamenco combina varios ritmos diferentes y sin una comprensi\u00f3n b\u00e1sica del comp\u00e1s, el baile, la guitarra y el cante no es posible.<\/p>\t\t\t\t\t\t\t\t<\/div>\n\t\t\t\t<\/div>\n\t\t\t\t<div class=\"elementor-element elementor-element-5e9f5c02 elementor-icon-list--layout-traditional elementor-list-item-link-full_width elementor-widget elementor-widget-icon-list\" data-id=\"5e9f5c02\" data-element_type=\"widget\" data-e-type=\"widget\" data-widget_type=\"icon-list.default\">\n\t\t\t\t<div class=\"elementor-widget-container\">\n\t\t\t\t\t\t\t<ul class=\"elementor-icon-list-items\">\n\t\t\t\t\t\t\t<li class=\"elementor-icon-list-item\">\n\t\t\t\t\t\t\t\t\t\t\t<span class=\"elementor-icon-list-icon\">\n\t\t\t\t\t\t\t<svg xmlns=\"http:\/\/www.w3.org\/2000\/svg\" xmlns:xlink=\"http:\/\/www.w3.org\/1999\/xlink\" fill=\"#000000\" id=\"Capa_1\" width=\"800px\" height=\"800px\" viewbox=\"0 0 30.526 30.526\" xml:space=\"preserve\"><g>\t<g>\t\t<path d=\"M15.261,19.262c-2.073,0-3.756,1.683-3.756,3.754h7.512C19.018,20.944,17.334,19.262,15.261,19.262z\"><\/path>\t\t<path d=\"M30.523,22.764c-0.002-0.396-0.305-0.756-0.52-0.963c0.189-0.237,0.441-0.634,0.391-1.026   c-0.055-0.391-0.397-0.709-0.643-0.889c0.158-0.259,0.355-0.686,0.252-1.07c-0.104-0.381-0.49-0.652-0.752-0.797   c0.122-0.277,0.262-0.726,0.111-1.092c-0.153-0.366-0.568-0.584-0.852-0.693c0.086-0.291,0.166-0.753-0.033-1.098   c-0.198-0.343-0.641-0.504-0.935-0.576c0.048-0.308,0.063-0.773-0.174-1.083c-0.242-0.312-0.692-0.416-1.001-0.45   c0.006-0.303-0.036-0.772-0.314-1.052c-0.265-0.261-0.688-0.315-1-0.315c-0.018,0-0.035,0-0.052,0   c-0.032-0.301-0.137-0.759-0.448-1.001c-0.18-0.136-0.422-0.204-0.725-0.204c-0.132,0-0.257,0.013-0.359,0.029   c-0.072-0.294-0.233-0.735-0.576-0.935c-0.144-0.082-0.316-0.123-0.518-0.123c-0.213,0-0.424,0.046-0.58,0.091   c-0.111-0.283-0.33-0.7-0.695-0.852C20.995,8.622,20.875,8.6,20.746,8.6c-0.266,0-0.539,0.093-0.734,0.178   c-0.145-0.262-0.416-0.65-0.799-0.754c-0.07-0.019-0.146-0.028-0.223-0.028c-0.311,0-0.625,0.148-0.844,0.281   c-0.178-0.241-0.496-0.59-0.893-0.643c-0.035-0.005-0.07-0.007-0.104-0.007c-0.357,0-0.708,0.227-0.926,0.4   c-0.207-0.215-0.567-0.518-0.964-0.518c-0.398,0-0.759,0.303-0.966,0.519c-0.212-0.17-0.561-0.395-0.917-0.395   c-0.036,0-0.072,0.002-0.108,0.007c-0.389,0.051-0.706,0.391-0.891,0.642c-0.209-0.126-0.528-0.281-0.841-0.281   c-0.079,0-0.155,0.009-0.227,0.029c-0.383,0.102-0.653,0.488-0.798,0.75c-0.19-0.083-0.463-0.176-0.732-0.176   c-0.132,0-0.252,0.022-0.358,0.066C9.056,8.821,8.837,9.237,8.727,9.52C8.571,9.475,8.361,9.429,8.15,9.429   c-0.202,0-0.377,0.042-0.519,0.124c-0.343,0.197-0.505,0.638-0.577,0.933c-0.104-0.016-0.228-0.028-0.359-0.028   c-0.303,0-0.546,0.069-0.723,0.205c-0.314,0.239-0.418,0.699-0.451,1c-0.018,0-0.035,0-0.053,0c-0.311,0-0.736,0.055-0.996,0.316   c-0.282,0.279-0.323,0.752-0.316,1.05c-0.302,0.034-0.76,0.137-1,0.451c-0.241,0.312-0.225,0.775-0.177,1.083   c-0.294,0.073-0.735,0.235-0.933,0.576c-0.199,0.343-0.116,0.812-0.033,1.097c-0.282,0.11-0.698,0.329-0.85,0.693   c-0.152,0.365-0.016,0.807,0.11,1.092c-0.266,0.146-0.649,0.416-0.752,0.799c-0.104,0.383,0.094,0.809,0.251,1.067   c-0.244,0.179-0.588,0.496-0.641,0.89c-0.053,0.396,0.198,0.791,0.389,1.027c-0.216,0.207-0.518,0.566-0.519,0.964L0,23.018h0.251   h10.574l0.008-0.5l-3.356-0.108L7.43,22.327l-0.042-0.072l0.056-0.075l0.057-0.075l3.423,0.348l0.066-0.496l-3.399-0.56   L7.555,21.31l-0.032-0.078l0.064-0.066l0.065-0.067l3.35,0.791l0.13-0.481l-3.297-1l-0.023-0.09L7.79,20.233l0.072-0.057   l0.075-0.059l3.217,1.222l0.192-0.461l-3.139-1.42l-0.012-0.093L8.184,19.28l0.079-0.047l0.081-0.048l3.03,1.632l0.25-0.434   l-2.925-1.816v-0.095v-0.086l0.084-0.036l0.087-0.037l2.791,2.012l0.305-0.396l-2.663-2.183l0.014-0.092l0.012-0.086l0.088-0.024   l0.09-0.025l2.507,2.359l0.354-0.353l-2.356-2.513l0.024-0.09l0.022-0.084l0.09-0.013l0.093-0.015l2.18,2.667l0.396-0.304   l-2.009-2.798l0.036-0.086l0.034-0.081l0.089-0.001l0.094-0.001l1.812,2.928l0.434-0.25L11.68,15.85l0.048-0.081l0.044-0.074   l0.09,0.01l0.093,0.012l1.415,3.14l0.461-0.19l-1.217-3.223l0.058-0.074l0.053-0.068l0.088,0.022l0.092,0.023l0.993,3.298   l0.482-0.129l-0.786-3.354l0.067-0.066l0.062-0.061l0.082,0.033l0.088,0.035l0.555,3.398l0.496-0.064l-0.343-3.427l0.075-0.057   l0.069-0.053l0.078,0.043l0.082,0.046l0.106,3.443h0.5l0.106-3.443l0.082-0.046l0.077-0.043l0.073,0.054l0.074,0.054l-0.343,3.425   l0.496,0.064l0.553-3.397l0.09-0.035l0.08-0.031l0.065,0.063l0.065,0.063l-0.785,3.351l0.481,0.129l0.992-3.297l0.092-0.022   l0.085-0.021l0.057,0.071l0.058,0.072l-1.217,3.22l0.461,0.19l1.414-3.139l0.094-0.011l0.089-0.01l0.047,0.077l0.047,0.08   l-1.627,3.034l0.434,0.25l1.812-2.928l0.094,0.002l0.09,0.002l0.035,0.082l0.035,0.084l-2.009,2.796l0.396,0.304l2.181-2.666   l0.091,0.014l0.09,0.015l0.022,0.085l0.024,0.088l-2.355,2.511l0.354,0.353l2.51-2.357l0.088,0.025l0.087,0.025l0.013,0.088   l0.014,0.09l-2.664,2.182l0.305,0.396l2.796-2.012l0.084,0.037l0.081,0.036l0.001,0.091l0.002,0.09l-2.927,1.815l0.25,0.433   l3.033-1.629l0.08,0.049l0.074,0.045l-0.01,0.092l-0.012,0.089l-3.137,1.415l0.191,0.463l3.221-1.219l0.072,0.058l0.068,0.055   l-0.022,0.089l-0.021,0.088l-3.297,0.994l0.131,0.482l3.352-0.788l0.064,0.067l0.062,0.062l-0.032,0.085l-0.033,0.084   l-3.397,0.556l0.065,0.496l3.425-0.344l0.056,0.075l0.053,0.071l-0.043,0.078l-0.043,0.08l-3.414,0.107l0.008,0.5h10.631h0.253   L30.523,22.764z M19.641,22.766l3.556-0.11l0.112-0.205l6.108-0.611l-6.136,0.191l-0.141-0.188L19.574,22.2l3.538-0.58   l0.085-0.215l5.98-1.406l-6.062,0.992l-0.163-0.17l-3.49,0.82l3.432-1.036l0.057-0.226l5.745-2.174l-5.878,1.774l-0.184-0.146   l-3.354,1.269l3.269-1.475l0.024-0.231l5.413-2.905l-5.598,2.526l-0.201-0.122l-3.158,1.697l3.046-1.891l-0.004-0.231l4.985-3.584   L21.84,18.12l-0.216-0.096l-2.911,2.094l2.772-2.271l-0.033-0.229l4.468-4.199l-4.744,3.882l-0.226-0.065l-2.612,2.457   l2.452-2.613l-0.063-0.225l3.893-4.757l-4.207,4.478L20.18,16.54l-2.27,2.775l2.091-2.91l-0.092-0.215l3.233-5.22l-3.584,4.983   l-0.235-0.004l-1.888,3.049l1.693-3.159l-0.119-0.201l2.526-5.599l-2.903,5.411l-0.234,0.026l-1.473,3.271l1.268-3.354   l-0.146-0.183l1.773-5.878l-2.17,5.74l-0.23,0.057l-1.033,3.434l0.818-3.489l-0.168-0.162l0.989-6.053l-1.4,5.968l-0.222,0.086   l-0.576,3.541l0.355-3.567l-0.188-0.139l0.193-6.167l-0.614,6.139l-0.205,0.115l-0.111,3.584l-0.111-3.584l-0.205-0.115   l-0.612-6.115l0.192,6.142l-0.188,0.141l0.356,3.566l-0.578-3.539l-0.219-0.087L12.491,8.85l0.991,6.062l-0.167,0.165l0.818,3.491   l-1.034-3.433l-0.229-0.058L10.7,9.339l1.771,5.873l-0.144,0.185l1.267,3.354l-1.473-3.271l-0.233-0.027l-2.903-5.41l2.524,5.596   l-0.115,0.202l1.692,3.16l-1.886-3.05l-0.235,0.004l-3.584-4.983l3.233,5.218l-0.091,0.215l2.091,2.912l-2.269-2.775l-0.233,0.033   l-4.207-4.477l3.89,4.755l-0.062,0.226l2.452,2.613l-2.609-2.455l-0.227,0.063l-4.763-3.895l4.483,4.212l-0.032,0.23l2.771,2.271   l-2.906-2.094l-0.217,0.092l-5.234-3.242l4.999,3.593l-0.001,0.233l3.044,1.891l-3.154-1.698l-0.203,0.121l-5.613-2.532   l5.425,2.91l0.029,0.231l3.266,1.478l-3.35-1.271l-0.186,0.146L1.814,18.2l5.755,2.177l0.06,0.226l3.431,1.039l-3.487-0.824   l-0.164,0.168l-6.074-0.99l5.989,1.406l0.089,0.215l3.537,0.582l-3.564-0.36l-0.141,0.188l-6.153-0.189l6.123,0.611l0.116,0.203   l3.496,0.113H0.253c0.001-0.458,0.581-0.91,0.624-0.941c-0.043-0.043-0.557-0.566-0.496-1.018   c0.061-0.454,0.695-0.827,0.742-0.854c-0.037-0.049-0.478-0.633-0.359-1.072c0.119-0.442,0.798-0.729,0.848-0.749   c-0.03-0.054-0.392-0.69-0.216-1.11c0.175-0.423,0.885-0.617,0.938-0.632c-0.024-0.052-0.299-0.731-0.07-1.127   c0.229-0.396,0.957-0.497,1.012-0.504c-0.015-0.056-0.2-0.767,0.079-1.128c0.277-0.363,1.013-0.368,1.069-0.368   c-0.009-0.058-0.099-0.786,0.226-1.108c0.202-0.202,0.563-0.242,0.819-0.242c0.151,0,0.266,0.014,0.287,0.017   c0-0.061,0.007-0.793,0.369-1.068c0.153-0.118,0.369-0.153,0.57-0.153c0.273,0,0.522,0.064,0.557,0.074   c0.008-0.06,0.11-0.785,0.505-1.012C7.871,9.704,8.01,9.68,8.151,9.68c0.342,0,0.694,0.142,0.734,0.159   c0.016-0.058,0.212-0.764,0.634-0.938C9.6,8.867,9.69,8.854,9.782,8.854c0.382,0,0.804,0.238,0.847,0.263   c0.023-0.058,0.31-0.729,0.749-0.846c0.052-0.014,0.106-0.02,0.161-0.02c0.409,0,0.868,0.346,0.91,0.378   c0.03-0.051,0.402-0.682,0.854-0.742c0.024-0.003,0.05-0.005,0.075-0.005c0.433,0,0.902,0.462,0.94,0.501   c0.036-0.048,0.487-0.625,0.942-0.625c0.452,0,0.901,0.57,0.941,0.623c0.025-0.026,0.506-0.505,0.947-0.505   c0.023,0,0.049,0.001,0.072,0.004c0.449,0.06,0.823,0.689,0.854,0.743c0.046-0.034,0.505-0.379,0.914-0.379   c0.054,0,0.105,0.006,0.156,0.019c0.438,0.119,0.729,0.793,0.75,0.848c0.045-0.025,0.467-0.263,0.85-0.263   c0.091,0,0.18,0.014,0.262,0.046c0.42,0.175,0.617,0.882,0.633,0.939c0.041-0.017,0.395-0.16,0.737-0.16   c0.14,0,0.277,0.023,0.392,0.088c0.392,0.229,0.496,0.955,0.504,1.014c0.035-0.009,0.283-0.074,0.559-0.074   c0.201,0,0.417,0.035,0.57,0.151c0.357,0.277,0.367,1.01,0.367,1.07c0.021-0.003,0.136-0.017,0.287-0.017   c0.256,0,0.617,0.04,0.821,0.242c0.32,0.322,0.233,1.049,0.226,1.109c0.065,0,0.791,0.009,1.068,0.367   c0.275,0.361,0.094,1.072,0.079,1.13c0.063,0.008,0.783,0.11,1.013,0.503c0.227,0.396-0.047,1.075-0.069,1.13   c0.061,0.016,0.763,0.212,0.938,0.631c0.172,0.421-0.188,1.061-0.217,1.111c0.059,0.023,0.727,0.31,0.848,0.748   c0.117,0.441-0.324,1.027-0.359,1.074c0.055,0.031,0.681,0.401,0.742,0.853c0.06,0.452-0.455,0.978-0.496,1.019   c0.051,0.039,0.621,0.487,0.623,0.941H19.641V22.766z\"><\/path>\t<\/g><\/g><\/svg>\t\t\t\t\t\t<\/span>\n\t\t\t\t\t\t\t\t\t\t<span class=\"elementor-icon-list-text\">Comp\u00e1s \/ Palmas: martes 17:30 - 18:30<\/span>\n\t\t\t\t\t\t\t\t\t<\/li>\n\t\t\t\t\t\t\t\t<li class=\"elementor-icon-list-item\">\n\t\t\t\t\t\t\t\t\t\t\t<span class=\"elementor-icon-list-icon\">\n\t\t\t\t\t\t\t<svg xmlns=\"http:\/\/www.w3.org\/2000\/svg\" xmlns:xlink=\"http:\/\/www.w3.org\/1999\/xlink\" fill=\"#000000\" id=\"Capa_1\" width=\"800px\" height=\"800px\" viewbox=\"0 0 30.526 30.526\" xml:space=\"preserve\"><g>\t<g>\t\t<path d=\"M15.261,19.262c-2.073,0-3.756,1.683-3.756,3.754h7.512C19.018,20.944,17.334,19.262,15.261,19.262z\"><\/path>\t\t<path d=\"M30.523,22.764c-0.002-0.396-0.305-0.756-0.52-0.963c0.189-0.237,0.441-0.634,0.391-1.026   c-0.055-0.391-0.397-0.709-0.643-0.889c0.158-0.259,0.355-0.686,0.252-1.07c-0.104-0.381-0.49-0.652-0.752-0.797   c0.122-0.277,0.262-0.726,0.111-1.092c-0.153-0.366-0.568-0.584-0.852-0.693c0.086-0.291,0.166-0.753-0.033-1.098   c-0.198-0.343-0.641-0.504-0.935-0.576c0.048-0.308,0.063-0.773-0.174-1.083c-0.242-0.312-0.692-0.416-1.001-0.45   c0.006-0.303-0.036-0.772-0.314-1.052c-0.265-0.261-0.688-0.315-1-0.315c-0.018,0-0.035,0-0.052,0   c-0.032-0.301-0.137-0.759-0.448-1.001c-0.18-0.136-0.422-0.204-0.725-0.204c-0.132,0-0.257,0.013-0.359,0.029   c-0.072-0.294-0.233-0.735-0.576-0.935c-0.144-0.082-0.316-0.123-0.518-0.123c-0.213,0-0.424,0.046-0.58,0.091   c-0.111-0.283-0.33-0.7-0.695-0.852C20.995,8.622,20.875,8.6,20.746,8.6c-0.266,0-0.539,0.093-0.734,0.178   c-0.145-0.262-0.416-0.65-0.799-0.754c-0.07-0.019-0.146-0.028-0.223-0.028c-0.311,0-0.625,0.148-0.844,0.281   c-0.178-0.241-0.496-0.59-0.893-0.643c-0.035-0.005-0.07-0.007-0.104-0.007c-0.357,0-0.708,0.227-0.926,0.4   c-0.207-0.215-0.567-0.518-0.964-0.518c-0.398,0-0.759,0.303-0.966,0.519c-0.212-0.17-0.561-0.395-0.917-0.395   c-0.036,0-0.072,0.002-0.108,0.007c-0.389,0.051-0.706,0.391-0.891,0.642c-0.209-0.126-0.528-0.281-0.841-0.281   c-0.079,0-0.155,0.009-0.227,0.029c-0.383,0.102-0.653,0.488-0.798,0.75c-0.19-0.083-0.463-0.176-0.732-0.176   c-0.132,0-0.252,0.022-0.358,0.066C9.056,8.821,8.837,9.237,8.727,9.52C8.571,9.475,8.361,9.429,8.15,9.429   c-0.202,0-0.377,0.042-0.519,0.124c-0.343,0.197-0.505,0.638-0.577,0.933c-0.104-0.016-0.228-0.028-0.359-0.028   c-0.303,0-0.546,0.069-0.723,0.205c-0.314,0.239-0.418,0.699-0.451,1c-0.018,0-0.035,0-0.053,0c-0.311,0-0.736,0.055-0.996,0.316   c-0.282,0.279-0.323,0.752-0.316,1.05c-0.302,0.034-0.76,0.137-1,0.451c-0.241,0.312-0.225,0.775-0.177,1.083   c-0.294,0.073-0.735,0.235-0.933,0.576c-0.199,0.343-0.116,0.812-0.033,1.097c-0.282,0.11-0.698,0.329-0.85,0.693   c-0.152,0.365-0.016,0.807,0.11,1.092c-0.266,0.146-0.649,0.416-0.752,0.799c-0.104,0.383,0.094,0.809,0.251,1.067   c-0.244,0.179-0.588,0.496-0.641,0.89c-0.053,0.396,0.198,0.791,0.389,1.027c-0.216,0.207-0.518,0.566-0.519,0.964L0,23.018h0.251   h10.574l0.008-0.5l-3.356-0.108L7.43,22.327l-0.042-0.072l0.056-0.075l0.057-0.075l3.423,0.348l0.066-0.496l-3.399-0.56   L7.555,21.31l-0.032-0.078l0.064-0.066l0.065-0.067l3.35,0.791l0.13-0.481l-3.297-1l-0.023-0.09L7.79,20.233l0.072-0.057   l0.075-0.059l3.217,1.222l0.192-0.461l-3.139-1.42l-0.012-0.093L8.184,19.28l0.079-0.047l0.081-0.048l3.03,1.632l0.25-0.434   l-2.925-1.816v-0.095v-0.086l0.084-0.036l0.087-0.037l2.791,2.012l0.305-0.396l-2.663-2.183l0.014-0.092l0.012-0.086l0.088-0.024   l0.09-0.025l2.507,2.359l0.354-0.353l-2.356-2.513l0.024-0.09l0.022-0.084l0.09-0.013l0.093-0.015l2.18,2.667l0.396-0.304   l-2.009-2.798l0.036-0.086l0.034-0.081l0.089-0.001l0.094-0.001l1.812,2.928l0.434-0.25L11.68,15.85l0.048-0.081l0.044-0.074   l0.09,0.01l0.093,0.012l1.415,3.14l0.461-0.19l-1.217-3.223l0.058-0.074l0.053-0.068l0.088,0.022l0.092,0.023l0.993,3.298   l0.482-0.129l-0.786-3.354l0.067-0.066l0.062-0.061l0.082,0.033l0.088,0.035l0.555,3.398l0.496-0.064l-0.343-3.427l0.075-0.057   l0.069-0.053l0.078,0.043l0.082,0.046l0.106,3.443h0.5l0.106-3.443l0.082-0.046l0.077-0.043l0.073,0.054l0.074,0.054l-0.343,3.425   l0.496,0.064l0.553-3.397l0.09-0.035l0.08-0.031l0.065,0.063l0.065,0.063l-0.785,3.351l0.481,0.129l0.992-3.297l0.092-0.022   l0.085-0.021l0.057,0.071l0.058,0.072l-1.217,3.22l0.461,0.19l1.414-3.139l0.094-0.011l0.089-0.01l0.047,0.077l0.047,0.08   l-1.627,3.034l0.434,0.25l1.812-2.928l0.094,0.002l0.09,0.002l0.035,0.082l0.035,0.084l-2.009,2.796l0.396,0.304l2.181-2.666   l0.091,0.014l0.09,0.015l0.022,0.085l0.024,0.088l-2.355,2.511l0.354,0.353l2.51-2.357l0.088,0.025l0.087,0.025l0.013,0.088   l0.014,0.09l-2.664,2.182l0.305,0.396l2.796-2.012l0.084,0.037l0.081,0.036l0.001,0.091l0.002,0.09l-2.927,1.815l0.25,0.433   l3.033-1.629l0.08,0.049l0.074,0.045l-0.01,0.092l-0.012,0.089l-3.137,1.415l0.191,0.463l3.221-1.219l0.072,0.058l0.068,0.055   l-0.022,0.089l-0.021,0.088l-3.297,0.994l0.131,0.482l3.352-0.788l0.064,0.067l0.062,0.062l-0.032,0.085l-0.033,0.084   l-3.397,0.556l0.065,0.496l3.425-0.344l0.056,0.075l0.053,0.071l-0.043,0.078l-0.043,0.08l-3.414,0.107l0.008,0.5h10.631h0.253   L30.523,22.764z M19.641,22.766l3.556-0.11l0.112-0.205l6.108-0.611l-6.136,0.191l-0.141-0.188L19.574,22.2l3.538-0.58   l0.085-0.215l5.98-1.406l-6.062,0.992l-0.163-0.17l-3.49,0.82l3.432-1.036l0.057-0.226l5.745-2.174l-5.878,1.774l-0.184-0.146   l-3.354,1.269l3.269-1.475l0.024-0.231l5.413-2.905l-5.598,2.526l-0.201-0.122l-3.158,1.697l3.046-1.891l-0.004-0.231l4.985-3.584   L21.84,18.12l-0.216-0.096l-2.911,2.094l2.772-2.271l-0.033-0.229l4.468-4.199l-4.744,3.882l-0.226-0.065l-2.612,2.457   l2.452-2.613l-0.063-0.225l3.893-4.757l-4.207,4.478L20.18,16.54l-2.27,2.775l2.091-2.91l-0.092-0.215l3.233-5.22l-3.584,4.983   l-0.235-0.004l-1.888,3.049l1.693-3.159l-0.119-0.201l2.526-5.599l-2.903,5.411l-0.234,0.026l-1.473,3.271l1.268-3.354   l-0.146-0.183l1.773-5.878l-2.17,5.74l-0.23,0.057l-1.033,3.434l0.818-3.489l-0.168-0.162l0.989-6.053l-1.4,5.968l-0.222,0.086   l-0.576,3.541l0.355-3.567l-0.188-0.139l0.193-6.167l-0.614,6.139l-0.205,0.115l-0.111,3.584l-0.111-3.584l-0.205-0.115   l-0.612-6.115l0.192,6.142l-0.188,0.141l0.356,3.566l-0.578-3.539l-0.219-0.087L12.491,8.85l0.991,6.062l-0.167,0.165l0.818,3.491   l-1.034-3.433l-0.229-0.058L10.7,9.339l1.771,5.873l-0.144,0.185l1.267,3.354l-1.473-3.271l-0.233-0.027l-2.903-5.41l2.524,5.596   l-0.115,0.202l1.692,3.16l-1.886-3.05l-0.235,0.004l-3.584-4.983l3.233,5.218l-0.091,0.215l2.091,2.912l-2.269-2.775l-0.233,0.033   l-4.207-4.477l3.89,4.755l-0.062,0.226l2.452,2.613l-2.609-2.455l-0.227,0.063l-4.763-3.895l4.483,4.212l-0.032,0.23l2.771,2.271   l-2.906-2.094l-0.217,0.092l-5.234-3.242l4.999,3.593l-0.001,0.233l3.044,1.891l-3.154-1.698l-0.203,0.121l-5.613-2.532   l5.425,2.91l0.029,0.231l3.266,1.478l-3.35-1.271l-0.186,0.146L1.814,18.2l5.755,2.177l0.06,0.226l3.431,1.039l-3.487-0.824   l-0.164,0.168l-6.074-0.99l5.989,1.406l0.089,0.215l3.537,0.582l-3.564-0.36l-0.141,0.188l-6.153-0.189l6.123,0.611l0.116,0.203   l3.496,0.113H0.253c0.001-0.458,0.581-0.91,0.624-0.941c-0.043-0.043-0.557-0.566-0.496-1.018   c0.061-0.454,0.695-0.827,0.742-0.854c-0.037-0.049-0.478-0.633-0.359-1.072c0.119-0.442,0.798-0.729,0.848-0.749   c-0.03-0.054-0.392-0.69-0.216-1.11c0.175-0.423,0.885-0.617,0.938-0.632c-0.024-0.052-0.299-0.731-0.07-1.127   c0.229-0.396,0.957-0.497,1.012-0.504c-0.015-0.056-0.2-0.767,0.079-1.128c0.277-0.363,1.013-0.368,1.069-0.368   c-0.009-0.058-0.099-0.786,0.226-1.108c0.202-0.202,0.563-0.242,0.819-0.242c0.151,0,0.266,0.014,0.287,0.017   c0-0.061,0.007-0.793,0.369-1.068c0.153-0.118,0.369-0.153,0.57-0.153c0.273,0,0.522,0.064,0.557,0.074   c0.008-0.06,0.11-0.785,0.505-1.012C7.871,9.704,8.01,9.68,8.151,9.68c0.342,0,0.694,0.142,0.734,0.159   c0.016-0.058,0.212-0.764,0.634-0.938C9.6,8.867,9.69,8.854,9.782,8.854c0.382,0,0.804,0.238,0.847,0.263   c0.023-0.058,0.31-0.729,0.749-0.846c0.052-0.014,0.106-0.02,0.161-0.02c0.409,0,0.868,0.346,0.91,0.378   c0.03-0.051,0.402-0.682,0.854-0.742c0.024-0.003,0.05-0.005,0.075-0.005c0.433,0,0.902,0.462,0.94,0.501   c0.036-0.048,0.487-0.625,0.942-0.625c0.452,0,0.901,0.57,0.941,0.623c0.025-0.026,0.506-0.505,0.947-0.505   c0.023,0,0.049,0.001,0.072,0.004c0.449,0.06,0.823,0.689,0.854,0.743c0.046-0.034,0.505-0.379,0.914-0.379   c0.054,0,0.105,0.006,0.156,0.019c0.438,0.119,0.729,0.793,0.75,0.848c0.045-0.025,0.467-0.263,0.85-0.263   c0.091,0,0.18,0.014,0.262,0.046c0.42,0.175,0.617,0.882,0.633,0.939c0.041-0.017,0.395-0.16,0.737-0.16   c0.14,0,0.277,0.023,0.392,0.088c0.392,0.229,0.496,0.955,0.504,1.014c0.035-0.009,0.283-0.074,0.559-0.074   c0.201,0,0.417,0.035,0.57,0.151c0.357,0.277,0.367,1.01,0.367,1.07c0.021-0.003,0.136-0.017,0.287-0.017   c0.256,0,0.617,0.04,0.821,0.242c0.32,0.322,0.233,1.049,0.226,1.109c0.065,0,0.791,0.009,1.068,0.367   c0.275,0.361,0.094,1.072,0.079,1.13c0.063,0.008,0.783,0.11,1.013,0.503c0.227,0.396-0.047,1.075-0.069,1.13   c0.061,0.016,0.763,0.212,0.938,0.631c0.172,0.421-0.188,1.061-0.217,1.111c0.059,0.023,0.727,0.31,0.848,0.748   c0.117,0.441-0.324,1.027-0.359,1.074c0.055,0.031,0.681,0.401,0.742,0.853c0.06,0.452-0.455,0.978-0.496,1.019   c0.051,0.039,0.621,0.487,0.623,0.941H19.641V22.766z\"><\/path>\t<\/g><\/g><\/svg>\t\t\t\t\t\t<\/span>\n\t\t\t\t\t\t\t\t\t\t<span class=\"elementor-icon-list-text\">Caj\u00f3n: martes 18:45 - 19:45<\/span>\n\t\t\t\t\t\t\t\t\t<\/li>\n\t\t\t\t\t\t<\/ul>\n\t\t\t\t\t\t<\/div>\n\t\t\t\t<\/div>\n\t\t\t\t<div class=\"elementor-element elementor-element-443f19ba elementor-widget elementor-widget-text-editor\" data-id=\"443f19ba\" data-element_type=\"widget\" data-e-type=\"widget\" data-widget_type=\"text-editor.default\">\n\t\t\t\t<div class=\"elementor-widget-container\">\n\t\t\t\t\t\t\t\t\t<p>Con Antonio Moreno \u201ePumuki\u201c<\/p><p>Las inscripciones deben enviarse a: contact@centroflamenco.de<\/p>\t\t\t\t\t\t\t\t<\/div>\n\t\t\t\t<\/div>\n\t\t\t\t<div class=\"elementor-element elementor-element-55205750 elementor-align-center elementor-invisible elementor-widget elementor-widget-button\" data-id=\"55205750\" data-element_type=\"widget\" data-e-type=\"widget\" data-settings=\"{&quot;_animation&quot;:&quot;fadeInRight&quot;}\" data-widget_type=\"button.default\">\n\t\t\t\t<div class=\"elementor-widget-container\">\n\t\t\t\t\t\t\t\t\t<div class=\"elementor-button-wrapper\">\n\t\t\t\t\t<a class=\"elementor-button elementor-button-link elementor-size-md elementor-animation-grow\" href=\"https:\/\/centroflamenco.de\/es\/kurse-und-preise\/\">\n\t\t\t\t\t\t<span class=\"elementor-button-content-wrapper\">\n\t\t\t\t\t\t\t\t\t<span class=\"elementor-button-text\">Studenplan und Preise<\/span>\n\t\t\t\t\t<\/span>\n\t\t\t\t\t<\/a>\n\t\t\t\t<\/div>\n\t\t\t\t\t\t\t\t<\/div>\n\t\t\t\t<\/div>\n\t\t\t\t<\/div>\n\t\t<div class=\"elementor-element elementor-element-7e064cae e-con-full e-flex e-con e-child\" data-id=\"7e064cae\" data-element_type=\"container\" data-e-type=\"container\">\n\t\t<div class=\"elementor-element elementor-element-799b662e e-con-full e-flex e-con e-child\" data-id=\"799b662e\" data-element_type=\"container\" data-e-type=\"container\" data-settings=\"{&quot;background_background&quot;:&quot;classic&quot;}\">\n\t\t\t\t<\/div>\n\t\t\t\t<\/div>\n\t\t\t\t<\/div>\n\t\t\t\t<\/div>\n\t\t\t\t<\/div>","protected":false},"excerpt":{"rendered":"<p>Rhythmusunterricht: Comp\u00e1s\/Palmas und Caj\u00f3n Rhythmus ist die Basis und Essenz des Flamenco. Flamenco vereint diverse verschiedene Rhythmen in sich und ohne ein grundlegendes Verst\u00e4ndnis von Comp\u00e1s ist Tanz, Gitarre und Gesang nicht m\u00f6glich. Comp\u00e1s \/ Palmas: Dienstags 17:30 &#8211; 18:30 Uhr Caj\u00f3n: Dienstags 18:45 &#8211; 19:45 Uhr mit Antonio Moreno \u201ePumuki\u201c Anmeldungen bitte an: contact@centroflamenco.de [&hellip;]<\/p>\n","protected":false},"author":1,"featured_media":0,"parent":0,"menu_order":0,"comment_status":"closed","ping_status":"closed","template":"","meta":{"footnotes":""},"class_list":["post-3296","page","type-page","status-publish","hentry"],"_links":{"self":[{"href":"https:\/\/centroflamenco.de\/es\/wp-json\/wp\/v2\/pages\/3296","targetHints":{"allow":["GET"]}}],"collection":[{"href":"https:\/\/centroflamenco.de\/es\/wp-json\/wp\/v2\/pages"}],"about":[{"href":"https:\/\/centroflamenco.de\/es\/wp-json\/wp\/v2\/types\/page"}],"author":[{"embeddable":true,"href":"https:\/\/centroflamenco.de\/es\/wp-json\/wp\/v2\/users\/1"}],"replies":[{"embeddable":true,"href":"https:\/\/centroflamenco.de\/es\/wp-json\/wp\/v2\/comments?post=3296"}],"version-history":[{"count":91,"href":"https:\/\/centroflamenco.de\/es\/wp-json\/wp\/v2\/pages\/3296\/revisions"}],"predecessor-version":[{"id":7452,"href":"https:\/\/centroflamenco.de\/es\/wp-json\/wp\/v2\/pages\/3296\/revisions\/7452"}],"wp:attachment":[{"href":"https:\/\/centroflamenco.de\/es\/wp-json\/wp\/v2\/media?parent=3296"}],"curies":[{"name":"wp","href":"https:\/\/api.w.org\/{rel}","templated":true}]}}