{"id":3298,"date":"2024-05-22T18:50:42","date_gmt":"2024-05-22T16:50:42","guid":{"rendered":"http:\/\/localhost\/wordpress1\/?page_id=3298"},"modified":"2025-07-11T18:39:09","modified_gmt":"2025-07-11T16:39:09","slug":"clases-urban-sport","status":"publish","type":"page","link":"https:\/\/centroflamenco.de\/es\/clases-urban-sport\/","title":{"rendered":"Clases urban sport"},"content":{"rendered":"<div data-elementor-type=\"wp-page\" data-elementor-id=\"3298\" class=\"elementor elementor-3298\" data-elementor-post-type=\"page\">\n\t\t\t\t<div class=\"elementor-element elementor-element-40778ecf e-con-full e-flex e-con e-parent\" data-id=\"40778ecf\" data-element_type=\"container\" data-e-type=\"container\" data-settings=\"{&quot;background_background&quot;:&quot;classic&quot;}\">\n\t\t<div class=\"elementor-element elementor-element-256b4306 e-con-full e-flex e-con e-child\" data-id=\"256b4306\" data-element_type=\"container\" data-e-type=\"container\">\n\t\t<div class=\"elementor-element elementor-element-659fbc3e e-con-full e-flex e-con e-child\" data-id=\"659fbc3e\" data-element_type=\"container\" data-e-type=\"container\">\n\t\t\t\t<div class=\"elementor-element elementor-element-744ed058 elementor-widget-mobile__width-initial elementor-widget elementor-widget-heading\" data-id=\"744ed058\" data-element_type=\"widget\" data-e-type=\"widget\" data-widget_type=\"heading.default\">\n\t\t\t\t<div class=\"elementor-widget-container\">\n\t\t\t\t\t<h2 class=\"elementor-heading-title elementor-size-default\">Urban Sports y Flamenco: Tu combinaci\u00f3n perfecta<\/h2>\t\t\t\t<\/div>\n\t\t\t\t<\/div>\n\t\t\t\t<div class=\"elementor-element elementor-element-5264d4f elementor-widget elementor-widget-text-editor\" data-id=\"5264d4f\" data-element_type=\"widget\" data-e-type=\"widget\" data-widget_type=\"text-editor.default\">\n\t\t\t\t<div class=\"elementor-widget-container\">\n\t\t\t\t\t\t\t\t\t<p>Centro Flamenco Berl\u00edn es socio de Urban Sports Club. Descubre en qu\u00e9 clases puedes participar con tu abono de Urban Sports y haz que tu experiencia flamenca sea completa:<\/p>\t\t\t\t\t\t\t\t<\/div>\n\t\t\t\t<\/div>\n\t\t\t\t<div class=\"elementor-element elementor-element-d3cc4da elementor-widget elementor-widget-text-editor\" data-id=\"d3cc4da\" data-element_type=\"widget\" data-e-type=\"widget\" data-widget_type=\"text-editor.default\">\n\t\t\t\t<div class=\"elementor-widget-container\">\n\t\t\t\t\t\t\t\t\t<p><strong>Registro:<\/strong> <span style=\"font-weight: 400;\">\u00a0Inscr\u00edbete por correo electr\u00f3nico, indicando tu n\u00famero de socio de Urban Sports\u00a0<\/span>contact@centroflamenco.de.<\/p><p><strong>Aprovecha las ventajas de Urban Sports Club y ampl\u00eda tus conocimientos de flamenco con nuestra amplia gama de cursos dise\u00f1ados para todos los niveles.<\/strong> \u00danase a la comunidad flamenca y viva la pasi\u00f3n del baile y la m\u00fasica en cada sesi\u00f3n.<\/p>\t\t\t\t\t\t\t\t<\/div>\n\t\t\t\t<\/div>\n\t\t\t\t<div class=\"elementor-element elementor-element-1ad0583 elementor-align-center elementor-invisible elementor-widget elementor-widget-button\" data-id=\"1ad0583\" data-element_type=\"widget\" data-e-type=\"widget\" data-settings=\"{&quot;_animation&quot;:&quot;fadeInRight&quot;}\" data-widget_type=\"button.default\">\n\t\t\t\t<div class=\"elementor-widget-container\">\n\t\t\t\t\t\t\t\t\t<div class=\"elementor-button-wrapper\">\n\t\t\t\t\t<a class=\"elementor-button elementor-button-link elementor-size-md elementor-animation-grow\" href=\"https:\/\/centroflamenco.de\/es\/kurse-und-preise\/\">\n\t\t\t\t\t\t<span class=\"elementor-button-content-wrapper\">\n\t\t\t\t\t\t\t\t\t<span class=\"elementor-button-text\">Studenplan und Preise<\/span>\n\t\t\t\t\t<\/span>\n\t\t\t\t\t<\/a>\n\t\t\t\t<\/div>\n\t\t\t\t\t\t\t\t<\/div>\n\t\t\t\t<\/div>\n\t\t\t\t<\/div>\n\t\t<div class=\"elementor-element elementor-element-755dedf0 e-con-full e-flex e-con e-child\" data-id=\"755dedf0\" data-element_type=\"container\" data-e-type=\"container\">\n\t\t<div class=\"elementor-element elementor-element-78417008 e-con-full e-flex e-con e-child\" data-id=\"78417008\" data-element_type=\"container\" data-e-type=\"container\" data-settings=\"{&quot;background_background&quot;:&quot;classic&quot;}\">\n\t\t\t\t<\/div>\n\t\t\t\t<\/div>\n\t\t\t\t<\/div>\n\t\t\t\t<\/div>\n\t\t\t\t<\/div>","protected":false},"excerpt":{"rendered":"<p>Urban Sports und Flamenco: Deine perfekte Kombination Centro Flamenco Berlin ist stolzer Partner von Urban Sports Club. Finde heraus, an welchen Kursen Du mit Deiner Urban Sports Mitgliedschaft teilnehmen kannst und mache Dein Flamencoerlebnis komplett: Registrierung: \u00a0Bitte melde Dich unter Angabe Deiner Urban Sports Mitgliedsnummer per Email an\u00a0contact@centroflamenco.de. Nutze die Vorteile von Urban Sports Club [&hellip;]<\/p>\n","protected":false},"author":1,"featured_media":0,"parent":0,"menu_order":0,"comment_status":"closed","ping_status":"closed","template":"","meta":{"footnotes":""},"class_list":["post-3298","page","type-page","status-publish","hentry"],"_links":{"self":[{"href":"https:\/\/centroflamenco.de\/es\/wp-json\/wp\/v2\/pages\/3298","targetHints":{"allow":["GET"]}}],"collection":[{"href":"https:\/\/centroflamenco.de\/es\/wp-json\/wp\/v2\/pages"}],"about":[{"href":"https:\/\/centroflamenco.de\/es\/wp-json\/wp\/v2\/types\/page"}],"author":[{"embeddable":true,"href":"https:\/\/centroflamenco.de\/es\/wp-json\/wp\/v2\/users\/1"}],"replies":[{"embeddable":true,"href":"https:\/\/centroflamenco.de\/es\/wp-json\/wp\/v2\/comments?post=3298"}],"version-history":[{"count":97,"href":"https:\/\/centroflamenco.de\/es\/wp-json\/wp\/v2\/pages\/3298\/revisions"}],"predecessor-version":[{"id":8067,"href":"https:\/\/centroflamenco.de\/es\/wp-json\/wp\/v2\/pages\/3298\/revisions\/8067"}],"wp:attachment":[{"href":"https:\/\/centroflamenco.de\/es\/wp-json\/wp\/v2\/media?parent=3298"}],"curies":[{"name":"wp","href":"https:\/\/api.w.org\/{rel}","templated":true}]}}