{"id":703,"date":"2024-03-26T23:56:36","date_gmt":"2024-03-26T22:56:36","guid":{"rendered":"http:\/\/localhost\/wordpress1\/?page_id=703"},"modified":"2024-07-02T16:30:04","modified_gmt":"2024-07-02T14:30:04","slug":"kontakt","status":"publish","type":"page","link":"https:\/\/centroflamenco.de\/es\/kontakt\/","title":{"rendered":"contacto"},"content":{"rendered":"\t\t<div data-elementor-type=\"wp-page\" data-elementor-id=\"703\" class=\"elementor elementor-703\" data-elementor-post-type=\"page\">\n\t\t\t\t<div class=\"elementor-element elementor-element-0b16fd4 e-con-full e-flex e-con e-parent\" data-id=\"0b16fd4\" data-element_type=\"container\" data-e-type=\"container\">\n\t\t\t\t<\/div>\n\t\t<div class=\"elementor-element elementor-element-2d8fcce e-flex e-con-boxed e-con e-parent\" data-id=\"2d8fcce\" data-element_type=\"container\" data-e-type=\"container\">\n\t\t\t\t\t<div class=\"e-con-inner\">\n\t\t\t\t<div class=\"elementor-element elementor-element-4d66f5d elementor-widget elementor-widget-heading\" data-id=\"4d66f5d\" data-element_type=\"widget\" data-e-type=\"widget\" data-widget_type=\"heading.default\">\n\t\t\t\t<div class=\"elementor-widget-container\">\n\t\t\t\t\t<h2 class=\"elementor-heading-title elementor-size-default\">Kontakt<\/h2>\t\t\t\t<\/div>\n\t\t\t\t<\/div>\n\t\t\t\t\t<\/div>\n\t\t\t\t<\/div>\n\t\t<div class=\"elementor-element elementor-element-738b5c1 e-flex e-con-boxed e-con e-parent\" data-id=\"738b5c1\" data-element_type=\"container\" data-e-type=\"container\">\n\t\t\t\t\t<div class=\"e-con-inner\">\n\t\t\t\t<div class=\"elementor-element elementor-element-ea1bd57 elementor-button-align-end elementor-invisible elementor-widget elementor-widget-form\" data-id=\"ea1bd57\" data-element_type=\"widget\" data-e-type=\"widget\" data-settings=\"{&quot;button_width&quot;:&quot;50&quot;,&quot;step_next_label&quot;:&quot;Next&quot;,&quot;step_previous_label&quot;:&quot;Previous&quot;,&quot;_animation&quot;:&quot;fadeInRight&quot;,&quot;step_type&quot;:&quot;number_text&quot;,&quot;step_icon_shape&quot;:&quot;circle&quot;}\" data-widget_type=\"form.default\">\n\t\t\t\t<div class=\"elementor-widget-container\">\n\t\t\t\t\t\t\t<form class=\"elementor-form\" method=\"post\" name=\"kontakt\">\n\t\t\t<input type=\"hidden\" name=\"post_id\" value=\"703\"\/>\n\t\t\t<input type=\"hidden\" name=\"form_id\" value=\"ea1bd57\"\/>\n\t\t\t<input type=\"hidden\" name=\"referer_title\" value=\"Kontakt\" \/>\n\n\t\t\t\t\t\t\t<input type=\"hidden\" name=\"queried_id\" value=\"703\"\/>\n\t\t\t\n\t\t\t<div class=\"elementor-form-fields-wrapper elementor-labels-above\">\n\t\t\t\t\t\t\t\t<div class=\"elementor-field-type-text elementor-field-group elementor-column elementor-field-group-name elementor-col-50 elementor-field-required\">\n\t\t\t\t\t\t\t\t\t\t\t\t<label for=\"form-field-name\" class=\"elementor-field-label\">\n\t\t\t\t\t\t\t\tName\t\t\t\t\t\t\t<\/label>\n\t\t\t\t\t\t\t\t\t\t\t\t\t\t<input size=\"1\" type=\"text\" name=\"form_fields[name]\" id=\"form-field-name\" class=\"elementor-field elementor-size-md  elementor-field-textual\" placeholder=\"Name\" required=\"required\">\n\t\t\t\t\t\t\t\t\t\t\t<\/div>\n\t\t\t\t\t\t\t\t<div class=\"elementor-field-type-email elementor-field-group elementor-column elementor-field-group-email elementor-col-50 elementor-field-required\">\n\t\t\t\t\t\t\t\t\t\t\t\t<label for=\"form-field-email\" class=\"elementor-field-label\">\n\t\t\t\t\t\t\t\tEmail\t\t\t\t\t\t\t<\/label>\n\t\t\t\t\t\t\t\t\t\t\t\t\t\t<input size=\"1\" type=\"email\" name=\"form_fields[email]\" id=\"form-field-email\" class=\"elementor-field elementor-size-md  elementor-field-textual\" placeholder=\"Email\" required=\"required\">\n\t\t\t\t\t\t\t\t\t\t\t<\/div>\n\t\t\t\t\t\t\t\t<div class=\"elementor-field-type-textarea elementor-field-group elementor-column elementor-field-group-message elementor-col-100 elementor-field-required\">\n\t\t\t\t\t\t\t\t\t\t\t\t<label for=\"form-field-message\" class=\"elementor-field-label\">\n\t\t\t\t\t\t\t\tNachricht\t\t\t\t\t\t\t<\/label>\n\t\t\t\t\t\t<textarea class=\"elementor-field-textual elementor-field  elementor-size-md\" name=\"form_fields[message]\" id=\"form-field-message\" rows=\"4\" placeholder=\"Nachricht\" required=\"required\"><\/textarea>\t\t\t\t<\/div>\n\t\t\t\t\t\t\t\t<div class=\"elementor-field-type-recaptcha_v3 elementor-field-group elementor-column elementor-field-group-field_0e2e784 elementor-col-100 recaptcha_v3-bottomright\">\n\t\t\t\t\t<div class=\"elementor-field\" id=\"form-field-field_0e2e784\"><div class=\"elementor-g-recaptcha\" data-sitekey=\"6LdbogYqAAAAAPNcVWudCH20TWS78A8AQFdAx_An\" data-type=\"v3\" data-action=\"Form\" data-badge=\"bottomright\" data-size=\"invisible\"><\/div><\/div>\t\t\t\t<\/div>\n\t\t\t\t\t\t\t\t<div class=\"elementor-field-group elementor-column elementor-field-type-submit elementor-col-50 e-form__buttons\">\n\t\t\t\t\t<button class=\"elementor-button elementor-size-md\" type=\"submit\">\n\t\t\t\t\t\t<span class=\"elementor-button-content-wrapper\">\n\t\t\t\t\t\t\t\t\t\t\t\t\t\t\t\t\t\t\t\t\t\t<span class=\"elementor-button-text\">Send<\/span>\n\t\t\t\t\t\t\t\t\t\t\t\t\t<\/span>\n\t\t\t\t\t<\/button>\n\t\t\t\t<\/div>\n\t\t\t<\/div>\n\t\t<\/form>\n\t\t\t\t\t\t<\/div>\n\t\t\t\t<\/div>\n\t\t\t\t\t<\/div>\n\t\t\t\t<\/div>\n\t\t<div class=\"elementor-element elementor-element-db65309 e-con-full e-flex e-con e-parent\" data-id=\"db65309\" data-element_type=\"container\" data-e-type=\"container\">\n\t\t<div class=\"elementor-element elementor-element-51abc35 e-con-full e-flex e-con e-child\" data-id=\"51abc35\" data-element_type=\"container\" data-e-type=\"container\">\n\t\t\t\t<div class=\"elementor-element elementor-element-2d931928 elementor-widget__width-initial elementor-widget elementor-widget-google_maps\" data-id=\"2d931928\" data-element_type=\"widget\" data-e-type=\"widget\" data-widget_type=\"google_maps.default\">\n\t\t\t\t<div class=\"elementor-widget-container\">\n\t\t\t\t\t\t\t<div class=\"elementor-custom-embed\">\n\t\t\t<iframe loading=\"lazy\"\n\t\t\t\t\tsrc=\"https:\/\/maps.google.com\/maps?q=%20Pohlstra%C3%9Fe%2011%2C%2010785%20Berlin&#038;t=m&#038;z=16&#038;output=embed&#038;iwloc=near\"\n\t\t\t\t\ttitle=\" Pohlstra\u00dfe 11, 10785 Berlin\"\n\t\t\t\t\taria-label=\" Pohlstra\u00dfe 11, 10785 Berlin\"\n\t\t\t><\/iframe>\n\t\t<\/div>\n\t\t\t\t\t\t<\/div>\n\t\t\t\t<\/div>\n\t\t\t\t<\/div>\n\t\t<div class=\"elementor-element elementor-element-fca752e e-con-full e-flex e-con e-child\" data-id=\"fca752e\" data-element_type=\"container\" data-e-type=\"container\">\n\t\t<div class=\"elementor-element elementor-element-d899bee e-con-full e-flex e-con e-child\" data-id=\"d899bee\" data-element_type=\"container\" data-e-type=\"container\">\n\t\t\t\t<div class=\"elementor-element elementor-element-49f5408 elementor-widget elementor-widget-text-editor\" data-id=\"49f5408\" data-element_type=\"widget\" data-e-type=\"widget\" data-widget_type=\"text-editor.default\">\n\t\t\t\t<div class=\"elementor-widget-container\">\n\t\t\t\t\t\t\t\t\t<p><span class=\"elementor-icon-list-text\"><b>Adresse:<\/b>\u00a0Pohlstra\u00dfe 11, Bogen 2, 10785 Berlin.<\/span><\/p><p><span class=\"elementor-icon-list-text\"><b>\u00d6ffnungszeiten:<\/b>\u00a0Mon-Fri 10:00 &#8211; 21:30 Uhr.<\/span><\/p><p><span class=\"elementor-icon-list-text\"><b>Telefon:<\/b>\u00a0+49 30 81 79 88 19 \/\/ +49 172 38 37 360<\/span><\/p><p><span class=\"elementor-icon-list-text\"><b>Email:<\/b>\u00a0contact@centroflamenco.de<\/span><\/p>\t\t\t\t\t\t\t\t<\/div>\n\t\t\t\t<\/div>\n\t\t\t\t<div class=\"elementor-element elementor-element-62f51d6 elementor-widget elementor-widget-text-editor\" data-id=\"62f51d6\" data-element_type=\"widget\" data-e-type=\"widget\" data-widget_type=\"text-editor.default\">\n\t\t\t\t<div class=\"elementor-widget-container\">\n\t\t\t\t\t\t\t\t\t<p><strong><span class=\"bold\">Centro de Arte Flamenco<br><\/span><\/strong><span class=\"bold\"><strong>Raphaela Stern<\/strong><\/span><\/p>\n<p>So finden Sie das Centro Flamenco Berlin:<\/p>\n<p>Mit \u00f6ffentlichen Verkehrsmitteln:<\/p>\n<p>U1\/U2 U-Bahnhof Gleisdreieck<br>U1 U-Bahnhof Kurf\u00fcrstenstra\u00dfe<br>U2 U-Bahnhof Mendelssohn-Bartholdy-Park<br>Bus M48, M85 Kurf\u00fcrstenstra\u00dfe<\/p>\n<p>Mit dem Auto:<\/p>\n<p>Parkpl\u00e4tze in der Pohlstra\u00dfe und Flottwellstra\u00dfe.<\/p>\t\t\t\t\t\t\t\t<\/div>\n\t\t\t\t<\/div>\n\t\t\t\t<\/div>\n\t\t\t\t<\/div>\n\t\t\t\t<\/div>\n\t\t\t\t<\/div>\n\t\t","protected":false},"excerpt":{"rendered":"<p>Kontakt Adresse:\u00a0Pohlstra\u00dfe 11, Bogen 2, 10785 Berlin. \u00d6ffnungszeiten:\u00a0Mon-Fri 10:00 &#8211; 21:30 Uhr. Telefon:\u00a0+49 30 81 79 88 19 \/\/ +49 172 38 37 360 Email:\u00a0contact@centroflamenco.de Centro de Arte FlamencoRaphaela Stern So finden Sie das Centro Flamenco Berlin: Mit \u00f6ffentlichen Verkehrsmitteln: U1\/U2 U-Bahnhof GleisdreieckU1 U-Bahnhof Kurf\u00fcrstenstra\u00dfeU2 U-Bahnhof Mendelssohn-Bartholdy-ParkBus M48, M85 Kurf\u00fcrstenstra\u00dfe Mit dem Auto: Parkpl\u00e4tze in [&hellip;]<\/p>\n","protected":false},"author":1,"featured_media":0,"parent":0,"menu_order":0,"comment_status":"closed","ping_status":"closed","template":"","meta":{"footnotes":""},"class_list":["post-703","page","type-page","status-publish","hentry"],"_links":{"self":[{"href":"https:\/\/centroflamenco.de\/es\/wp-json\/wp\/v2\/pages\/703","targetHints":{"allow":["GET"]}}],"collection":[{"href":"https:\/\/centroflamenco.de\/es\/wp-json\/wp\/v2\/pages"}],"about":[{"href":"https:\/\/centroflamenco.de\/es\/wp-json\/wp\/v2\/types\/page"}],"author":[{"embeddable":true,"href":"https:\/\/centroflamenco.de\/es\/wp-json\/wp\/v2\/users\/1"}],"replies":[{"embeddable":true,"href":"https:\/\/centroflamenco.de\/es\/wp-json\/wp\/v2\/comments?post=703"}],"version-history":[{"count":147,"href":"https:\/\/centroflamenco.de\/es\/wp-json\/wp\/v2\/pages\/703\/revisions"}],"predecessor-version":[{"id":7166,"href":"https:\/\/centroflamenco.de\/es\/wp-json\/wp\/v2\/pages\/703\/revisions\/7166"}],"wp:attachment":[{"href":"https:\/\/centroflamenco.de\/es\/wp-json\/wp\/v2\/media?parent=703"}],"curies":[{"name":"wp","href":"https:\/\/api.w.org\/{rel}","templated":true}]}}